{"id":19,"date":"2025-10-07T14:25:27","date_gmt":"2025-10-07T11:25:27","guid":{"rendered":"https:\/\/onlineydskursu.com\/?page_id=19"},"modified":"2025-10-07T14:50:53","modified_gmt":"2025-10-07T11:50:53","slug":"blog","status":"publish","type":"page","link":"https:\/\/onlineydskursu.com\/index.php\/blog\/","title":{"rendered":"Blog"},"content":{"rendered":"","protected":false},"excerpt":{"rendered":"","protected":false},"author":1,"featured_media":0,"parent":0,"menu_order":0,"comment_status":"closed","ping_status":"closed","template":"","meta":{"site-sidebar-layout":"default","site-content-layout":"","ast-site-content-layout":"default","site-content-style":"default","site-sidebar-style":"default","ast-global-header-display":"","ast-banner-title-visibility":"","ast-main-header-display":"","ast-hfb-above-header-display":"","ast-hfb-below-header-display":"","ast-hfb-mobile-header-display":"","site-post-title":"","ast-breadcrumbs-content":"","ast-featured-img":"","footer-sml-layout":"","theme-transparent-header-meta":"","adv-header-id-meta":"","stick-header-meta":"","header-above-stick-meta":"","header-main-stick-meta":"","header-below-stick-meta":"","astra-migrate-meta-layouts":"default","ast-page-background-enabled":"default","ast-page-background-meta":{"desktop":{"background-color":"var(--ast-global-color-5)","background-image":"","background-repeat":"repeat","background-position":"center center","background-size":"auto","background-attachment":"scroll","background-type":"","background-media":"","overlay-type":"","overlay-color":"","overlay-opacity":"","overlay-gradient":""},"tablet":{"background-color":"","background-image":"","background-repeat":"repeat","background-position":"center center","background-size":"auto","background-attachment":"scroll","background-type":"","background-media":"","overlay-type":"","overlay-color":"","overlay-opacity":"","overlay-gradient":""},"mobile":{"background-color":"","background-image":"","background-repeat":"repeat","background-position":"center center","background-size":"auto","background-attachment":"scroll","background-type":"","background-media":"","overlay-type":"","overlay-color":"","overlay-opacity":"","overlay-gradient":""}},"ast-content-background-meta":{"desktop":{"background-color":"var(--ast-global-color-4)","background-image":"","background-repeat":"repeat","background-position":"center center","background-size":"auto","background-attachment":"scroll","background-type":"","background-media":"","overlay-type":"","overlay-color":"","overlay-opacity":"","overlay-gradient":""},"tablet":{"background-color":"var(--ast-global-color-4)","background-image":"","background-repeat":"repeat","background-position":"center center","background-size":"auto","background-attachment":"scroll","background-type":"","background-media":"","overlay-type":"","overlay-color":"","overlay-opacity":"","overlay-gradient":""},"mobile":{"background-color":"var(--ast-global-color-4)","background-image":"","background-repeat":"repeat","background-position":"center center","background-size":"auto","background-attachment":"scroll","background-type":"","background-media":"","overlay-type":"","overlay-color":"","overlay-opacity":"","overlay-gradient":""}},"footnotes":""},"class_list":["post-19","page","type-page","status-publish","hentry"],"yoast_head":"<!-- This site is optimized with the Yoast SEO plugin v26.1 - https:\/\/yoast.com\/wordpress\/plugins\/seo\/ -->\n<title>YDS Haz\u0131rl\u0131k Rehberi | Kelime, Strateji ve Kaynak \u00d6nerileri<\/title>\n<meta name=\"description\" content=\"YDS\u2019de ba\u015far\u0131ya ula\u015fmak i\u00e7in ipu\u00e7lar\u0131, kelime \u00e7al\u0131\u015fmalar\u0131, stratejiler ve en g\u00fcncel kaynak \u00f6nerilerini blog sayfam\u0131zda bulabilirsiniz.\" \/>\n<meta name=\"robots\" content=\"index, follow, max-snippet:-1, max-image-preview:large, max-video-preview:-1\" \/>\n<link rel=\"canonical\" href=\"https:\/\/onlineydskursu.com\/index.php\/blog\/\" \/>\n<meta property=\"og:locale\" content=\"tr_TR\" \/>\n<meta property=\"og:type\" content=\"article\" \/>\n<meta property=\"og:title\" content=\"YDS Haz\u0131rl\u0131k Rehberi | Kelime, Strateji ve Kaynak \u00d6nerileri\" \/>\n<meta property=\"og:description\" content=\"YDS\u2019de ba\u015far\u0131ya ula\u015fmak i\u00e7in ipu\u00e7lar\u0131, kelime \u00e7al\u0131\u015fmalar\u0131, stratejiler ve en g\u00fcncel kaynak \u00f6nerilerini blog sayfam\u0131zda bulabilirsiniz.\" \/>\n<meta property=\"og:url\" content=\"https:\/\/onlineydskursu.com\/index.php\/blog\/\" \/>\n<meta property=\"article:modified_time\" content=\"2025-10-07T11:50:53+00:00\" \/>\n<meta name=\"twitter:card\" content=\"summary_large_image\" \/>\n<script type=\"application\/ld+json\" class=\"yoast-schema-graph\">{\"@context\":\"https:\/\/schema.org\",\"@graph\":[{\"@type\":\"WebPage\",\"@id\":\"https:\/\/onlineydskursu.com\/index.php\/blog\/\",\"url\":\"https:\/\/onlineydskursu.com\/index.php\/blog\/\",\"name\":\"YDS Haz\u0131rl\u0131k Rehberi | Kelime, Strateji ve Kaynak \u00d6nerileri\",\"isPartOf\":{\"@id\":\"https:\/\/onlineydskursu.com\/#website\"},\"datePublished\":\"2025-10-07T11:25:27+00:00\",\"dateModified\":\"2025-10-07T11:50:53+00:00\",\"description\":\"YDS\u2019de ba\u015far\u0131ya ula\u015fmak i\u00e7in ipu\u00e7lar\u0131, kelime \u00e7al\u0131\u015fmalar\u0131, stratejiler ve en g\u00fcncel kaynak \u00f6nerilerini blog sayfam\u0131zda bulabilirsiniz.\",\"breadcrumb\":{\"@id\":\"https:\/\/onlineydskursu.com\/index.php\/blog\/#breadcrumb\"},\"inLanguage\":\"tr\",\"potentialAction\":[{\"@type\":\"ReadAction\",\"target\":[\"https:\/\/onlineydskursu.com\/index.php\/blog\/\"]}]},{\"@type\":\"BreadcrumbList\",\"@id\":\"https:\/\/onlineydskursu.com\/index.php\/blog\/#breadcrumb\",\"itemListElement\":[{\"@type\":\"ListItem\",\"position\":1,\"name\":\"Anasayfa\",\"item\":\"https:\/\/onlineydskursu.com\/\"},{\"@type\":\"ListItem\",\"position\":2,\"name\":\"Blog\"}]},{\"@type\":\"WebSite\",\"@id\":\"https:\/\/onlineydskursu.com\/#website\",\"url\":\"https:\/\/onlineydskursu.com\/\",\"name\":\"https:\/\/onlineydskursu.com\/\",\"description\":\"\",\"publisher\":{\"@id\":\"https:\/\/onlineydskursu.com\/#organization\"},\"potentialAction\":[{\"@type\":\"SearchAction\",\"target\":{\"@type\":\"EntryPoint\",\"urlTemplate\":\"https:\/\/onlineydskursu.com\/?s={search_term_string}\"},\"query-input\":{\"@type\":\"PropertyValueSpecification\",\"valueRequired\":true,\"valueName\":\"search_term_string\"}}],\"inLanguage\":\"tr\"},{\"@type\":\"Organization\",\"@id\":\"https:\/\/onlineydskursu.com\/#organization\",\"name\":\"Online YDS Kursu\",\"url\":\"https:\/\/onlineydskursu.com\/\",\"logo\":{\"@type\":\"ImageObject\",\"inLanguage\":\"tr\",\"@id\":\"https:\/\/onlineydskursu.com\/#\/schema\/logo\/image\/\",\"url\":\"https:\/\/onlineydskursu.com\/wp-content\/uploads\/2025\/10\/cropped-logo.png\",\"contentUrl\":\"https:\/\/onlineydskursu.com\/wp-content\/uploads\/2025\/10\/cropped-logo.png\",\"width\":333,\"height\":177,\"caption\":\"Online YDS Kursu\"},\"image\":{\"@id\":\"https:\/\/onlineydskursu.com\/#\/schema\/logo\/image\/\"}}]}<\/script>\n<!-- \/ Yoast SEO plugin. -->","yoast_head_json":{"title":"YDS Haz\u0131rl\u0131k Rehberi | Kelime, Strateji ve Kaynak \u00d6nerileri","description":"YDS\u2019de ba\u015far\u0131ya ula\u015fmak i\u00e7in ipu\u00e7lar\u0131, kelime \u00e7al\u0131\u015fmalar\u0131, stratejiler ve en g\u00fcncel kaynak \u00f6nerilerini blog sayfam\u0131zda bulabilirsiniz.","robots":{"index":"index","follow":"follow","max-snippet":"max-snippet:-1","max-image-preview":"max-image-preview:large","max-video-preview":"max-video-preview:-1"},"canonical":"https:\/\/onlineydskursu.com\/index.php\/blog\/","og_locale":"tr_TR","og_type":"article","og_title":"YDS Haz\u0131rl\u0131k Rehberi | Kelime, Strateji ve Kaynak \u00d6nerileri","og_description":"YDS\u2019de ba\u015far\u0131ya ula\u015fmak i\u00e7in ipu\u00e7lar\u0131, kelime \u00e7al\u0131\u015fmalar\u0131, stratejiler ve en g\u00fcncel kaynak \u00f6nerilerini blog sayfam\u0131zda bulabilirsiniz.","og_url":"https:\/\/onlineydskursu.com\/index.php\/blog\/","article_modified_time":"2025-10-07T11:50:53+00:00","twitter_card":"summary_large_image","schema":{"@context":"https:\/\/schema.org","@graph":[{"@type":"WebPage","@id":"https:\/\/onlineydskursu.com\/index.php\/blog\/","url":"https:\/\/onlineydskursu.com\/index.php\/blog\/","name":"YDS Haz\u0131rl\u0131k Rehberi | Kelime, Strateji ve Kaynak \u00d6nerileri","isPartOf":{"@id":"https:\/\/onlineydskursu.com\/#website"},"datePublished":"2025-10-07T11:25:27+00:00","dateModified":"2025-10-07T11:50:53+00:00","description":"YDS\u2019de ba\u015far\u0131ya ula\u015fmak i\u00e7in ipu\u00e7lar\u0131, kelime \u00e7al\u0131\u015fmalar\u0131, stratejiler ve en g\u00fcncel kaynak \u00f6nerilerini blog sayfam\u0131zda bulabilirsiniz.","breadcrumb":{"@id":"https:\/\/onlineydskursu.com\/index.php\/blog\/#breadcrumb"},"inLanguage":"tr","potentialAction":[{"@type":"ReadAction","target":["https:\/\/onlineydskursu.com\/index.php\/blog\/"]}]},{"@type":"BreadcrumbList","@id":"https:\/\/onlineydskursu.com\/index.php\/blog\/#breadcrumb","itemListElement":[{"@type":"ListItem","position":1,"name":"Anasayfa","item":"https:\/\/onlineydskursu.com\/"},{"@type":"ListItem","position":2,"name":"Blog"}]},{"@type":"WebSite","@id":"https:\/\/onlineydskursu.com\/#website","url":"https:\/\/onlineydskursu.com\/","name":"https:\/\/onlineydskursu.com\/","description":"","publisher":{"@id":"https:\/\/onlineydskursu.com\/#organization"},"potentialAction":[{"@type":"SearchAction","target":{"@type":"EntryPoint","urlTemplate":"https:\/\/onlineydskursu.com\/?s={search_term_string}"},"query-input":{"@type":"PropertyValueSpecification","valueRequired":true,"valueName":"search_term_string"}}],"inLanguage":"tr"},{"@type":"Organization","@id":"https:\/\/onlineydskursu.com\/#organization","name":"Online YDS Kursu","url":"https:\/\/onlineydskursu.com\/","logo":{"@type":"ImageObject","inLanguage":"tr","@id":"https:\/\/onlineydskursu.com\/#\/schema\/logo\/image\/","url":"https:\/\/onlineydskursu.com\/wp-content\/uploads\/2025\/10\/cropped-logo.png","contentUrl":"https:\/\/onlineydskursu.com\/wp-content\/uploads\/2025\/10\/cropped-logo.png","width":333,"height":177,"caption":"Online YDS Kursu"},"image":{"@id":"https:\/\/onlineydskursu.com\/#\/schema\/logo\/image\/"}}]}},"_links":{"self":[{"href":"https:\/\/onlineydskursu.com\/index.php\/wp-json\/wp\/v2\/pages\/19","targetHints":{"allow":["GET"]}}],"collection":[{"href":"https:\/\/onlineydskursu.com\/index.php\/wp-json\/wp\/v2\/pages"}],"about":[{"href":"https:\/\/onlineydskursu.com\/index.php\/wp-json\/wp\/v2\/types\/page"}],"author":[{"embeddable":true,"href":"https:\/\/onlineydskursu.com\/index.php\/wp-json\/wp\/v2\/users\/1"}],"replies":[{"embeddable":true,"href":"https:\/\/onlineydskursu.com\/index.php\/wp-json\/wp\/v2\/comments?post=19"}],"version-history":[{"count":1,"href":"https:\/\/onlineydskursu.com\/index.php\/wp-json\/wp\/v2\/pages\/19\/revisions"}],"predecessor-version":[{"id":20,"href":"https:\/\/onlineydskursu.com\/index.php\/wp-json\/wp\/v2\/pages\/19\/revisions\/20"}],"wp:attachment":[{"href":"https:\/\/onlineydskursu.com\/index.php\/wp-json\/wp\/v2\/media?parent=19"}],"curies":[{"name":"wp","href":"https:\/\/api.w.org\/{rel}","templated":true}]}}